{"id":22,"date":"2020-06-16T06:55:49","date_gmt":"2020-06-16T06:55:49","guid":{"rendered":"https:\/\/zakra-agency.sites.qsandbox.com\/?page_id=22"},"modified":"2022-07-12T09:36:51","modified_gmt":"2022-07-12T07:36:51","slug":"about","status":"publish","type":"page","link":"https:\/\/funparkpaintball.pl\/?page_id=22","title":{"rendered":"Dla dzieci"},"content":{"rendered":"\t\t<div data-elementor-type=\"wp-page\" data-elementor-id=\"22\" class=\"elementor elementor-22\" data-elementor-settings=\"[]\">\n\t\t\t\t\t\t\t<div class=\"elementor-section-wrap\">\n\t\t\t\t\t\t\t<section class=\"elementor-section elementor-top-section elementor-element elementor-element-12c6e2be elementor-section-boxed elementor-section-height-default elementor-section-height-default\" data-id=\"12c6e2be\" data-element_type=\"section\" data-settings=\"{&quot;background_background&quot;:&quot;classic&quot;}\">\n\t\t\t\t\t\t<div class=\"elementor-container elementor-column-gap-default\">\n\t\t\t\t\t<div class=\"elementor-column elementor-col-100 elementor-top-column elementor-element elementor-element-500a69a9\" data-id=\"500a69a9\" data-element_type=\"column\">\n\t\t\t<div class=\"elementor-widget-wrap elementor-element-populated\">\n\t\t\t\t\t\t\t\t<div class=\"elementor-element elementor-element-54c3c3de elementor-widget elementor-widget-spacer\" data-id=\"54c3c3de\" data-element_type=\"widget\" data-widget_type=\"spacer.default\">\n\t\t\t\t<div class=\"elementor-widget-container\">\n\t\t\t\t\t<div class=\"elementor-spacer\">\n\t\t\t<div class=\"elementor-spacer-inner\"><\/div>\n\t\t<\/div>\n\t\t\t\t<\/div>\n\t\t\t\t<\/div>\n\t\t\t\t<div class=\"elementor-element elementor-element-56f2a658 elementor-widget elementor-widget-text-editor\" data-id=\"56f2a658\" data-element_type=\"widget\" data-widget_type=\"text-editor.default\">\n\t\t\t\t<div class=\"elementor-widget-container\">\n\t\t\t\t\t\t\t<p style=\"text-align: center;\"><span style=\"color: #008000;\"><b>Zapraszamy do \u015bwietnej zabawy w SPLATMASTER &#8211; Paintball dla najm\u0142odszych !<\/b><\/span><\/p><p style=\"text-align: center;\"><span style=\"color: #ffffff;\"><strong>SplatMaster jest to w pe\u0142ni bezpieczny system, kt\u00f3ry umo\u017cliwia rozpocz\u0119cie przygody z Paintabllem ju\u017c od 7 roku \u017cycia.<\/strong><\/span><\/p><p style=\"text-align: center;\"><span style=\"color: #ffffff;\"><strong>Karabinki SplatMaster strzelaj\u0105 ze zmniejszon\u0105 si\u0142\u0105 oraz posiadaj\u0105 mniejszy kaliber kulek ni\u017c tradycyjne markery.<\/strong><\/span><\/p><p style=\"text-align: center;\">\u00a0<\/p>\t\t\t\t\t\t<\/div>\n\t\t\t\t<\/div>\n\t\t\t\t<div class=\"elementor-element elementor-element-28be93d elementor-widget elementor-widget-image\" data-id=\"28be93d\" data-element_type=\"widget\" data-widget_type=\"image.default\">\n\t\t\t\t<div class=\"elementor-widget-container\">\n\t\t\t\t\t\t\t\t\t\t\t\t\t\t\t<img loading=\"lazy\" decoding=\"async\" width=\"768\" height=\"432\" src=\"https:\/\/funparkpaintball.pl\/wp-content\/uploads\/2021\/08\/17-768x432.jpg\" class=\"attachment-medium_large size-medium_large\" alt=\"\" \/>\t\t\t\t\t\t\t\t\t\t\t\t\t\t\t<\/div>\n\t\t\t\t<\/div>\n\t\t\t\t<div class=\"elementor-element elementor-element-122f65b6 elementor-widget elementor-widget-spacer\" data-id=\"122f65b6\" data-element_type=\"widget\" data-widget_type=\"spacer.default\">\n\t\t\t\t<div class=\"elementor-widget-container\">\n\t\t\t\t\t<div class=\"elementor-spacer\">\n\t\t\t<div class=\"elementor-spacer-inner\"><\/div>\n\t\t<\/div>\n\t\t\t\t<\/div>\n\t\t\t\t<\/div>\n\t\t\t\t\t<\/div>\n\t\t<\/div>\n\t\t\t\t\t\t\t<\/div>\n\t\t<\/section>\n\t\t\t\t<section class=\"elementor-section elementor-top-section elementor-element elementor-element-132e6c8e elementor-section-boxed elementor-section-height-default elementor-section-height-default\" data-id=\"132e6c8e\" data-element_type=\"section\" data-settings=\"{&quot;background_background&quot;:&quot;classic&quot;}\">\n\t\t\t\t\t\t<div class=\"elementor-container elementor-column-gap-default\">\n\t\t\t\t\t<div class=\"elementor-column elementor-col-50 elementor-top-column elementor-element elementor-element-65a79d9d\" data-id=\"65a79d9d\" data-element_type=\"column\">\n\t\t\t<div class=\"elementor-widget-wrap elementor-element-populated\">\n\t\t\t\t\t\t\t\t<div class=\"elementor-element elementor-element-4925f1d8 elementor-widget elementor-widget-text-editor\" data-id=\"4925f1d8\" data-element_type=\"widget\" data-widget_type=\"text-editor.default\">\n\t\t\t\t<div class=\"elementor-widget-container\">\n\t\t\t\t\t\t\t<h3><span style=\"color: #008000;\"><strong>Co dostajesz?<\/strong><\/span><\/h3><ul><li><span style=\"color: #ffffff;\">\u015awietn\u0105 zabaw\u0119 paintballow\u0105 dla najm\u0142odszych.<\/span><\/li><li><span style=\"color: #ffffff;\">Zapewniamy przygotowanie scenariuszy.<\/span><\/li><li><span style=\"color: #ffffff;\">Przeszkolenie i obs\u0142ug\u0119 instruktora, s\u0119dziego.<\/span><\/li><li><span style=\"color: #ffffff;\">Profesjonalnie przygotowany i os\u0142oni\u0119ty obiekt.<\/span><\/li><li><span style=\"color: #ffffff;\">Strzelnica.<\/span><\/li><\/ul>\t\t\t\t\t\t<\/div>\n\t\t\t\t<\/div>\n\t\t\t\t\t<\/div>\n\t\t<\/div>\n\t\t\t\t<div class=\"elementor-column elementor-col-50 elementor-top-column elementor-element elementor-element-153c102\" data-id=\"153c102\" data-element_type=\"column\">\n\t\t\t<div class=\"elementor-widget-wrap elementor-element-populated\">\n\t\t\t\t\t\t\t\t<div class=\"elementor-element elementor-element-3a47059d elementor-widget elementor-widget-image\" data-id=\"3a47059d\" data-element_type=\"widget\" data-widget_type=\"image.default\">\n\t\t\t\t<div class=\"elementor-widget-container\">\n\t\t\t\t\t\t\t\t\t\t\t\t\t\t\t<img loading=\"lazy\" decoding=\"async\" width=\"812\" height=\"457\" src=\"https:\/\/funparkpaintball.pl\/wp-content\/uploads\/2021\/08\/9-1024x576.jpg\" class=\"attachment-large size-large\" alt=\"\" \/>\t\t\t\t\t\t\t\t\t\t\t\t\t\t\t<\/div>\n\t\t\t\t<\/div>\n\t\t\t\t\t<\/div>\n\t\t<\/div>\n\t\t\t\t\t\t\t<\/div>\n\t\t<\/section>\n\t\t\t\t\t\t<\/div>\n\t\t\t\t\t<\/div>\n\t\t","protected":false},"excerpt":{"rendered":"<p>Zapraszamy do \u015bwietnej zabawy w SPLATMASTER &#8211; Paintball dla najm\u0142odszych ! SplatMaster jest to w pe\u0142ni bezpieczny system, kt\u00f3ry umo\u017cliwia rozpocz\u0119cie przygody z Paintabllem ju\u017c od 7 roku \u017cycia. Karabinki SplatMaster strzelaj\u0105 ze zmniejszon\u0105 si\u0142\u0105 oraz posiadaj\u0105 mniejszy kaliber kulek ni\u017c tradycyjne markery. \u00a0 Co dostajesz? \u015awietn\u0105 zabaw\u0119 paintballow\u0105 dla najm\u0142odszych. Zapewniamy przygotowanie scenariuszy. Przeszkolenie [&hellip;]<\/p>\n","protected":false},"author":1,"featured_media":0,"parent":0,"menu_order":0,"comment_status":"closed","ping_status":"closed","template":"page-templates\/pagebuilder.php","meta":{"footnotes":""},"class_list":["post-22","page","type-page","status-publish","hentry"],"yoast_head":"<!-- This site is optimized with the Yoast SEO plugin v17.0 - https:\/\/yoast.com\/wordpress\/plugins\/seo\/ -->\n<title>Dla dzieci - Funparkpaintball<\/title>\n<meta name=\"robots\" content=\"index, follow, max-snippet:-1, max-image-preview:large, max-video-preview:-1\" \/>\n<link rel=\"canonical\" href=\"https:\/\/funparkpaintball.pl\/?page_id=22\" \/>\n<meta property=\"og:locale\" content=\"en_US\" \/>\n<meta property=\"og:type\" content=\"article\" \/>\n<meta property=\"og:title\" content=\"Dla dzieci - Funparkpaintball\" \/>\n<meta property=\"og:description\" content=\"Zapraszamy do \u015bwietnej zabawy w SPLATMASTER &#8211; Paintball dla najm\u0142odszych ! SplatMaster jest to w pe\u0142ni bezpieczny system, kt\u00f3ry umo\u017cliwia rozpocz\u0119cie przygody z Paintabllem ju\u017c od 7 roku \u017cycia. Karabinki SplatMaster strzelaj\u0105 ze zmniejszon\u0105 si\u0142\u0105 oraz posiadaj\u0105 mniejszy kaliber kulek ni\u017c tradycyjne markery. \u00a0 Co dostajesz? \u015awietn\u0105 zabaw\u0119 paintballow\u0105 dla najm\u0142odszych. Zapewniamy przygotowanie scenariuszy. Przeszkolenie [&hellip;]\" \/>\n<meta property=\"og:url\" content=\"https:\/\/funparkpaintball.pl\/?page_id=22\" \/>\n<meta property=\"og:site_name\" content=\"Funparkpaintball\" \/>\n<meta property=\"article:modified_time\" content=\"2022-07-12T07:36:51+00:00\" \/>\n<meta property=\"og:image\" content=\"https:\/\/funparkpaintball.pl\/wp-content\/uploads\/2021\/08\/17-768x432.jpg\" \/>\n<meta name=\"twitter:card\" content=\"summary_large_image\" \/>\n<meta name=\"twitter:label1\" content=\"Est. reading time\" \/>\n\t<meta name=\"twitter:data1\" content=\"1 minute\" \/>\n<script type=\"application\/ld+json\" class=\"yoast-schema-graph\">{\"@context\":\"https:\/\/schema.org\",\"@graph\":[{\"@type\":\"WebSite\",\"@id\":\"https:\/\/funparkpaintball.pl\/#website\",\"url\":\"https:\/\/funparkpaintball.pl\/\",\"name\":\"Funparkpaintball\",\"description\":\"Paintball Kielce\",\"potentialAction\":[{\"@type\":\"SearchAction\",\"target\":{\"@type\":\"EntryPoint\",\"urlTemplate\":\"https:\/\/funparkpaintball.pl\/?s={search_term_string}\"},\"query-input\":\"required name=search_term_string\"}],\"inLanguage\":\"en-US\"},{\"@type\":\"ImageObject\",\"@id\":\"https:\/\/funparkpaintball.pl\/?page_id=22#primaryimage\",\"inLanguage\":\"en-US\",\"url\":\"https:\/\/funparkpaintball.pl\/wp-content\/uploads\/2021\/08\/17-768x432.jpg\",\"contentUrl\":\"https:\/\/funparkpaintball.pl\/wp-content\/uploads\/2021\/08\/17-768x432.jpg\"},{\"@type\":\"WebPage\",\"@id\":\"https:\/\/funparkpaintball.pl\/?page_id=22#webpage\",\"url\":\"https:\/\/funparkpaintball.pl\/?page_id=22\",\"name\":\"Dla dzieci - Funparkpaintball\",\"isPartOf\":{\"@id\":\"https:\/\/funparkpaintball.pl\/#website\"},\"primaryImageOfPage\":{\"@id\":\"https:\/\/funparkpaintball.pl\/?page_id=22#primaryimage\"},\"datePublished\":\"2020-06-16T06:55:49+00:00\",\"dateModified\":\"2022-07-12T07:36:51+00:00\",\"breadcrumb\":{\"@id\":\"https:\/\/funparkpaintball.pl\/?page_id=22#breadcrumb\"},\"inLanguage\":\"en-US\",\"potentialAction\":[{\"@type\":\"ReadAction\",\"target\":[\"https:\/\/funparkpaintball.pl\/?page_id=22\"]}]},{\"@type\":\"BreadcrumbList\",\"@id\":\"https:\/\/funparkpaintball.pl\/?page_id=22#breadcrumb\",\"itemListElement\":[{\"@type\":\"ListItem\",\"position\":1,\"name\":\"Home\",\"item\":\"https:\/\/funparkpaintball.pl\/\"},{\"@type\":\"ListItem\",\"position\":2,\"name\":\"Dla dzieci\"}]}]}<\/script>\n<!-- \/ Yoast SEO plugin. -->","yoast_head_json":{"title":"Dla dzieci - Funparkpaintball","robots":{"index":"index","follow":"follow","max-snippet":"max-snippet:-1","max-image-preview":"max-image-preview:large","max-video-preview":"max-video-preview:-1"},"canonical":"https:\/\/funparkpaintball.pl\/?page_id=22","og_locale":"en_US","og_type":"article","og_title":"Dla dzieci - Funparkpaintball","og_description":"Zapraszamy do \u015bwietnej zabawy w SPLATMASTER &#8211; Paintball dla najm\u0142odszych ! SplatMaster jest to w pe\u0142ni bezpieczny system, kt\u00f3ry umo\u017cliwia rozpocz\u0119cie przygody z Paintabllem ju\u017c od 7 roku \u017cycia. Karabinki SplatMaster strzelaj\u0105 ze zmniejszon\u0105 si\u0142\u0105 oraz posiadaj\u0105 mniejszy kaliber kulek ni\u017c tradycyjne markery. \u00a0 Co dostajesz? \u015awietn\u0105 zabaw\u0119 paintballow\u0105 dla najm\u0142odszych. Zapewniamy przygotowanie scenariuszy. Przeszkolenie [&hellip;]","og_url":"https:\/\/funparkpaintball.pl\/?page_id=22","og_site_name":"Funparkpaintball","article_modified_time":"2022-07-12T07:36:51+00:00","og_image":[{"url":"https:\/\/funparkpaintball.pl\/wp-content\/uploads\/2021\/08\/17-768x432.jpg"}],"twitter_card":"summary_large_image","twitter_misc":{"Est. reading time":"1 minute"},"schema":{"@context":"https:\/\/schema.org","@graph":[{"@type":"WebSite","@id":"https:\/\/funparkpaintball.pl\/#website","url":"https:\/\/funparkpaintball.pl\/","name":"Funparkpaintball","description":"Paintball Kielce","potentialAction":[{"@type":"SearchAction","target":{"@type":"EntryPoint","urlTemplate":"https:\/\/funparkpaintball.pl\/?s={search_term_string}"},"query-input":"required name=search_term_string"}],"inLanguage":"en-US"},{"@type":"ImageObject","@id":"https:\/\/funparkpaintball.pl\/?page_id=22#primaryimage","inLanguage":"en-US","url":"https:\/\/funparkpaintball.pl\/wp-content\/uploads\/2021\/08\/17-768x432.jpg","contentUrl":"https:\/\/funparkpaintball.pl\/wp-content\/uploads\/2021\/08\/17-768x432.jpg"},{"@type":"WebPage","@id":"https:\/\/funparkpaintball.pl\/?page_id=22#webpage","url":"https:\/\/funparkpaintball.pl\/?page_id=22","name":"Dla dzieci - Funparkpaintball","isPartOf":{"@id":"https:\/\/funparkpaintball.pl\/#website"},"primaryImageOfPage":{"@id":"https:\/\/funparkpaintball.pl\/?page_id=22#primaryimage"},"datePublished":"2020-06-16T06:55:49+00:00","dateModified":"2022-07-12T07:36:51+00:00","breadcrumb":{"@id":"https:\/\/funparkpaintball.pl\/?page_id=22#breadcrumb"},"inLanguage":"en-US","potentialAction":[{"@type":"ReadAction","target":["https:\/\/funparkpaintball.pl\/?page_id=22"]}]},{"@type":"BreadcrumbList","@id":"https:\/\/funparkpaintball.pl\/?page_id=22#breadcrumb","itemListElement":[{"@type":"ListItem","position":1,"name":"Home","item":"https:\/\/funparkpaintball.pl\/"},{"@type":"ListItem","position":2,"name":"Dla dzieci"}]}]}},"_links":{"self":[{"href":"https:\/\/funparkpaintball.pl\/index.php?rest_route=\/wp\/v2\/pages\/22","targetHints":{"allow":["GET"]}}],"collection":[{"href":"https:\/\/funparkpaintball.pl\/index.php?rest_route=\/wp\/v2\/pages"}],"about":[{"href":"https:\/\/funparkpaintball.pl\/index.php?rest_route=\/wp\/v2\/types\/page"}],"author":[{"embeddable":true,"href":"https:\/\/funparkpaintball.pl\/index.php?rest_route=\/wp\/v2\/users\/1"}],"replies":[{"embeddable":true,"href":"https:\/\/funparkpaintball.pl\/index.php?rest_route=%2Fwp%2Fv2%2Fcomments&post=22"}],"version-history":[{"count":11,"href":"https:\/\/funparkpaintball.pl\/index.php?rest_route=\/wp\/v2\/pages\/22\/revisions"}],"predecessor-version":[{"id":910,"href":"https:\/\/funparkpaintball.pl\/index.php?rest_route=\/wp\/v2\/pages\/22\/revisions\/910"}],"wp:attachment":[{"href":"https:\/\/funparkpaintball.pl\/index.php?rest_route=%2Fwp%2Fv2%2Fmedia&parent=22"}],"curies":[{"name":"wp","href":"https:\/\/api.w.org\/{rel}","templated":true}]}}