{"id":844,"date":"2021-08-27T12:41:01","date_gmt":"2021-08-27T10:41:01","guid":{"rendered":"http:\/\/funparkpaintball.pl\/?page_id=844"},"modified":"2024-05-07T19:51:03","modified_gmt":"2024-05-07T17:51:03","slug":"cennik","status":"publish","type":"page","link":"https:\/\/funparkpaintball.pl\/?page_id=844","title":{"rendered":"Cennik"},"content":{"rendered":"\t\t<div data-elementor-type=\"wp-page\" data-elementor-id=\"844\" class=\"elementor elementor-844\" data-elementor-settings=\"[]\">\n\t\t\t\t\t\t\t<div class=\"elementor-section-wrap\">\n\t\t\t\t\t\t\t<section class=\"elementor-section elementor-top-section elementor-element elementor-element-7bc6707d elementor-section-boxed elementor-section-height-default elementor-section-height-default\" data-id=\"7bc6707d\" data-element_type=\"section\" data-settings=\"{&quot;background_background&quot;:&quot;classic&quot;}\">\n\t\t\t\t\t\t<div class=\"elementor-container elementor-column-gap-default\">\n\t\t\t\t\t<div class=\"elementor-column elementor-col-100 elementor-top-column elementor-element elementor-element-112d9fa2\" data-id=\"112d9fa2\" data-element_type=\"column\">\n\t\t\t<div class=\"elementor-widget-wrap elementor-element-populated\">\n\t\t\t\t\t\t\t\t<div class=\"elementor-element elementor-element-137d32f4 elementor-widget elementor-widget-text-editor\" data-id=\"137d32f4\" data-element_type=\"widget\" data-widget_type=\"text-editor.default\">\n\t\t\t\t<div class=\"elementor-widget-container\">\n\t\t\t\t\t\t\t<h3 style=\"text-align: center;\"><span style=\"color: #ffffff;\"><strong>Cennik<\/strong><\/span><\/h3>\n<h3><span style=\"color: #008000;\"><strong>Grupy &#8230;&lt; 15 os\u00f3b<\/strong><\/span><\/h3>\n<p><img loading=\"lazy\" decoding=\"async\" class=\"alignnone size-medium wp-image-764\" src=\"https:\/\/funparkpaintball.pl\/wp-content\/uploads\/2021\/08\/27-scaled-1-300x169.jpg\" alt=\"\" width=\"300\" height=\"169\" srcset=\"https:\/\/funparkpaintball.pl\/wp-content\/uploads\/2021\/08\/27-scaled-1-300x169.jpg 300w, https:\/\/funparkpaintball.pl\/wp-content\/uploads\/2021\/08\/27-scaled-1-600x338.jpg 600w, https:\/\/funparkpaintball.pl\/wp-content\/uploads\/2021\/08\/27-scaled-1-1024x576.jpg 1024w, https:\/\/funparkpaintball.pl\/wp-content\/uploads\/2021\/08\/27-scaled-1-768x432.jpg 768w, https:\/\/funparkpaintball.pl\/wp-content\/uploads\/2021\/08\/27-scaled-1-1536x864.jpg 1536w, https:\/\/funparkpaintball.pl\/wp-content\/uploads\/2021\/08\/27-scaled-1-2048x1152.jpg 2048w\" sizes=\"auto, (max-width: 300px) 100vw, 300px\" \/><\/p>\n<ul>\n<li><span style=\"color: #ffffff;\">Str\u00f3j, maska, marker<strong> + 200 kulek&nbsp;<\/strong> &#8211; <strong>120 z\u0142<\/strong><strong><br><\/strong><\/span><\/li>\n<li><span style=\"color: #ffffff;\">Str\u00f3j, maska, marker<strong> + 300 kulek&nbsp;<\/strong> &#8211; <strong>130 z\u0142<\/strong><\/span><\/li>\n<li><span style=\"color: #ffffff;\">Str\u00f3j, maska, marker<strong> + 500 kulek&nbsp;<\/strong> &#8211; <strong>150 z\u0142<\/strong><\/span><\/li>\n<\/ul>\n<ul>\n<li style=\"text-align: left;\"><span style=\"color: #ffffff;\">dodatkowe 100 kulek + <strong>20 z\u0142,<\/strong><\/span><\/li>\n<li>&nbsp;<\/li>\n<li><span style=\"color: #ffffff;\">Wynajem wiaty<br>grill, drzewo, zastawa i kubki od <strong>400 z\u0142<\/strong><\/span>\n<p><\/p>\n<\/li>\n<\/ul>\n<p><span style=\"color: #ffffff;\"><!-- wp:html --><\/span><\/p>\n<h3><span style=\"color: #008000;\"><strong>Splatmaster (Dla dzieci)<\/strong><\/span><\/h3>\n<p><img loading=\"lazy\" decoding=\"async\" class=\"alignnone size-medium wp-image-810\" src=\"https:\/\/funparkpaintball.pl\/wp-content\/uploads\/2021\/08\/9-300x169.jpg\" alt=\"\" width=\"300\" height=\"169\" srcset=\"https:\/\/funparkpaintball.pl\/wp-content\/uploads\/2021\/08\/9-300x169.jpg 300w, https:\/\/funparkpaintball.pl\/wp-content\/uploads\/2021\/08\/9-1024x576.jpg 1024w, https:\/\/funparkpaintball.pl\/wp-content\/uploads\/2021\/08\/9-768x432.jpg 768w, https:\/\/funparkpaintball.pl\/wp-content\/uploads\/2021\/08\/9-1536x864.jpg 1536w, https:\/\/funparkpaintball.pl\/wp-content\/uploads\/2021\/08\/9-2048x1152.jpg 2048w, https:\/\/funparkpaintball.pl\/wp-content\/uploads\/2021\/08\/9-600x338.jpg 600w\" sizes=\"auto, (max-width: 300px) 100vw, 300px\" \/><\/p>\n<h3>&nbsp;<\/h3>\n<ul>\n<li><span style=\"color: #ffffff;\"><strong>100 z\u0142\/osoba (250 kulek, kask, bro\u0144, str\u00f3j)<\/strong><\/span><\/li>\n<li><br><\/li>\n<li><span style=\"color: #ffffff;\">&nbsp;<\/span><\/li>\n<li><span style=\"color: #ffffff;\">Wynajem wiaty:<br><\/span><\/li>\n<li><span style=\"color: #ffffff;\">grill, drzewo, zastawa i kubki od&nbsp;<strong> 400 z\u0142<\/strong><\/span><\/li>\n<\/ul>\n<p><span style=\"color: #ffffff;\"><!-- \/wp:html --><!-- wp:html --><\/span><\/p>\n<p><\/p>\t\t\t\t\t\t<\/div>\n\t\t\t\t<\/div>\n\t\t\t\t\t<\/div>\n\t\t<\/div>\n\t\t\t\t\t\t\t<\/div>\n\t\t<\/section>\n\t\t\t\t\t\t<\/div>\n\t\t\t\t\t<\/div>\n\t\t","protected":false},"excerpt":{"rendered":"<p>Cennik Grupy &#8230;&lt; 15 os\u00f3b Str\u00f3j, maska, marker + 200 kulek&nbsp; &#8211; 120 z\u0142 Str\u00f3j, maska, marker + 300 kulek&nbsp; &#8211; 130 z\u0142 Str\u00f3j, maska, marker + 500 kulek&nbsp; &#8211; 150 z\u0142 dodatkowe 100 kulek + 20 z\u0142, &nbsp; Wynajem wiatygrill, drzewo, zastawa i kubki od 400 z\u0142 Splatmaster (Dla dzieci) &nbsp; 100 z\u0142\/osoba (250 [&hellip;]<\/p>\n","protected":false},"author":1,"featured_media":0,"parent":0,"menu_order":0,"comment_status":"closed","ping_status":"closed","template":"page-templates\/pagebuilder.php","meta":{"footnotes":""},"class_list":["post-844","page","type-page","status-publish","hentry"],"yoast_head":"<!-- This site is optimized with the Yoast SEO plugin v17.0 - https:\/\/yoast.com\/wordpress\/plugins\/seo\/ -->\n<title>Cennik - Funparkpaintball<\/title>\n<meta name=\"robots\" content=\"index, follow, max-snippet:-1, max-image-preview:large, max-video-preview:-1\" \/>\n<link rel=\"canonical\" href=\"https:\/\/funparkpaintball.pl\/?page_id=844\" \/>\n<meta property=\"og:locale\" content=\"en_US\" \/>\n<meta property=\"og:type\" content=\"article\" \/>\n<meta property=\"og:title\" content=\"Cennik - Funparkpaintball\" \/>\n<meta property=\"og:description\" content=\"Cennik Grupy &#8230;&lt; 15 os\u00f3b Str\u00f3j, maska, marker + 200 kulek&nbsp; &#8211; 120 z\u0142 Str\u00f3j, maska, marker + 300 kulek&nbsp; &#8211; 130 z\u0142 Str\u00f3j, maska, marker + 500 kulek&nbsp; &#8211; 150 z\u0142 dodatkowe 100 kulek + 20 z\u0142, &nbsp; Wynajem wiatygrill, drzewo, zastawa i kubki od 400 z\u0142 Splatmaster (Dla dzieci) &nbsp; 100 z\u0142\/osoba (250 [&hellip;]\" \/>\n<meta property=\"og:url\" content=\"https:\/\/funparkpaintball.pl\/?page_id=844\" \/>\n<meta property=\"og:site_name\" content=\"Funparkpaintball\" \/>\n<meta property=\"article:modified_time\" content=\"2024-05-07T17:51:03+00:00\" \/>\n<meta property=\"og:image\" content=\"https:\/\/funparkpaintball.pl\/wp-content\/uploads\/2021\/08\/27-scaled-1-300x169.jpg\" \/>\n<meta name=\"twitter:card\" content=\"summary_large_image\" \/>\n<meta name=\"twitter:label1\" content=\"Est. reading time\" \/>\n\t<meta name=\"twitter:data1\" content=\"1 minute\" \/>\n<script type=\"application\/ld+json\" class=\"yoast-schema-graph\">{\"@context\":\"https:\/\/schema.org\",\"@graph\":[{\"@type\":\"WebSite\",\"@id\":\"https:\/\/funparkpaintball.pl\/#website\",\"url\":\"https:\/\/funparkpaintball.pl\/\",\"name\":\"Funparkpaintball\",\"description\":\"Paintball Kielce\",\"potentialAction\":[{\"@type\":\"SearchAction\",\"target\":{\"@type\":\"EntryPoint\",\"urlTemplate\":\"https:\/\/funparkpaintball.pl\/?s={search_term_string}\"},\"query-input\":\"required name=search_term_string\"}],\"inLanguage\":\"en-US\"},{\"@type\":\"ImageObject\",\"@id\":\"https:\/\/funparkpaintball.pl\/?page_id=844#primaryimage\",\"inLanguage\":\"en-US\",\"url\":\"https:\/\/funparkpaintball.pl\/wp-content\/uploads\/2021\/08\/27-scaled-1.jpg\",\"contentUrl\":\"https:\/\/funparkpaintball.pl\/wp-content\/uploads\/2021\/08\/27-scaled-1.jpg\",\"width\":2560,\"height\":1440},{\"@type\":\"WebPage\",\"@id\":\"https:\/\/funparkpaintball.pl\/?page_id=844#webpage\",\"url\":\"https:\/\/funparkpaintball.pl\/?page_id=844\",\"name\":\"Cennik - Funparkpaintball\",\"isPartOf\":{\"@id\":\"https:\/\/funparkpaintball.pl\/#website\"},\"primaryImageOfPage\":{\"@id\":\"https:\/\/funparkpaintball.pl\/?page_id=844#primaryimage\"},\"datePublished\":\"2021-08-27T10:41:01+00:00\",\"dateModified\":\"2024-05-07T17:51:03+00:00\",\"breadcrumb\":{\"@id\":\"https:\/\/funparkpaintball.pl\/?page_id=844#breadcrumb\"},\"inLanguage\":\"en-US\",\"potentialAction\":[{\"@type\":\"ReadAction\",\"target\":[\"https:\/\/funparkpaintball.pl\/?page_id=844\"]}]},{\"@type\":\"BreadcrumbList\",\"@id\":\"https:\/\/funparkpaintball.pl\/?page_id=844#breadcrumb\",\"itemListElement\":[{\"@type\":\"ListItem\",\"position\":1,\"name\":\"Home\",\"item\":\"https:\/\/funparkpaintball.pl\/\"},{\"@type\":\"ListItem\",\"position\":2,\"name\":\"Cennik\"}]}]}<\/script>\n<!-- \/ Yoast SEO plugin. -->","yoast_head_json":{"title":"Cennik - Funparkpaintball","robots":{"index":"index","follow":"follow","max-snippet":"max-snippet:-1","max-image-preview":"max-image-preview:large","max-video-preview":"max-video-preview:-1"},"canonical":"https:\/\/funparkpaintball.pl\/?page_id=844","og_locale":"en_US","og_type":"article","og_title":"Cennik - Funparkpaintball","og_description":"Cennik Grupy &#8230;&lt; 15 os\u00f3b Str\u00f3j, maska, marker + 200 kulek&nbsp; &#8211; 120 z\u0142 Str\u00f3j, maska, marker + 300 kulek&nbsp; &#8211; 130 z\u0142 Str\u00f3j, maska, marker + 500 kulek&nbsp; &#8211; 150 z\u0142 dodatkowe 100 kulek + 20 z\u0142, &nbsp; Wynajem wiatygrill, drzewo, zastawa i kubki od 400 z\u0142 Splatmaster (Dla dzieci) &nbsp; 100 z\u0142\/osoba (250 [&hellip;]","og_url":"https:\/\/funparkpaintball.pl\/?page_id=844","og_site_name":"Funparkpaintball","article_modified_time":"2024-05-07T17:51:03+00:00","og_image":[{"url":"https:\/\/funparkpaintball.pl\/wp-content\/uploads\/2021\/08\/27-scaled-1-300x169.jpg"}],"twitter_card":"summary_large_image","twitter_misc":{"Est. reading time":"1 minute"},"schema":{"@context":"https:\/\/schema.org","@graph":[{"@type":"WebSite","@id":"https:\/\/funparkpaintball.pl\/#website","url":"https:\/\/funparkpaintball.pl\/","name":"Funparkpaintball","description":"Paintball Kielce","potentialAction":[{"@type":"SearchAction","target":{"@type":"EntryPoint","urlTemplate":"https:\/\/funparkpaintball.pl\/?s={search_term_string}"},"query-input":"required name=search_term_string"}],"inLanguage":"en-US"},{"@type":"ImageObject","@id":"https:\/\/funparkpaintball.pl\/?page_id=844#primaryimage","inLanguage":"en-US","url":"https:\/\/funparkpaintball.pl\/wp-content\/uploads\/2021\/08\/27-scaled-1.jpg","contentUrl":"https:\/\/funparkpaintball.pl\/wp-content\/uploads\/2021\/08\/27-scaled-1.jpg","width":2560,"height":1440},{"@type":"WebPage","@id":"https:\/\/funparkpaintball.pl\/?page_id=844#webpage","url":"https:\/\/funparkpaintball.pl\/?page_id=844","name":"Cennik - Funparkpaintball","isPartOf":{"@id":"https:\/\/funparkpaintball.pl\/#website"},"primaryImageOfPage":{"@id":"https:\/\/funparkpaintball.pl\/?page_id=844#primaryimage"},"datePublished":"2021-08-27T10:41:01+00:00","dateModified":"2024-05-07T17:51:03+00:00","breadcrumb":{"@id":"https:\/\/funparkpaintball.pl\/?page_id=844#breadcrumb"},"inLanguage":"en-US","potentialAction":[{"@type":"ReadAction","target":["https:\/\/funparkpaintball.pl\/?page_id=844"]}]},{"@type":"BreadcrumbList","@id":"https:\/\/funparkpaintball.pl\/?page_id=844#breadcrumb","itemListElement":[{"@type":"ListItem","position":1,"name":"Home","item":"https:\/\/funparkpaintball.pl\/"},{"@type":"ListItem","position":2,"name":"Cennik"}]}]}},"_links":{"self":[{"href":"https:\/\/funparkpaintball.pl\/index.php?rest_route=\/wp\/v2\/pages\/844","targetHints":{"allow":["GET"]}}],"collection":[{"href":"https:\/\/funparkpaintball.pl\/index.php?rest_route=\/wp\/v2\/pages"}],"about":[{"href":"https:\/\/funparkpaintball.pl\/index.php?rest_route=\/wp\/v2\/types\/page"}],"author":[{"embeddable":true,"href":"https:\/\/funparkpaintball.pl\/index.php?rest_route=\/wp\/v2\/users\/1"}],"replies":[{"embeddable":true,"href":"https:\/\/funparkpaintball.pl\/index.php?rest_route=%2Fwp%2Fv2%2Fcomments&post=844"}],"version-history":[{"count":25,"href":"https:\/\/funparkpaintball.pl\/index.php?rest_route=\/wp\/v2\/pages\/844\/revisions"}],"predecessor-version":[{"id":947,"href":"https:\/\/funparkpaintball.pl\/index.php?rest_route=\/wp\/v2\/pages\/844\/revisions\/947"}],"wp:attachment":[{"href":"https:\/\/funparkpaintball.pl\/index.php?rest_route=%2Fwp%2Fv2%2Fmedia&parent=844"}],"curies":[{"name":"wp","href":"https:\/\/api.w.org\/{rel}","templated":true}]}}